{"id":3722,"date":"2018-10-07T18:44:27","date_gmt":"2018-10-07T17:44:27","guid":{"rendered":"http:\/\/roboblog.fatal-fury.de\/?page_id=3722"},"modified":"2018-10-07T18:48:59","modified_gmt":"2018-10-07T17:48:59","slug":"2qm-anlage-2014-2018","status":"publish","type":"page","link":"http:\/\/roboblog.fatal-fury.de\/?page_id=3722","title":{"rendered":"2qm Anlage 2014-2017"},"content":{"rendered":"<p><a href=\"http:\/\/roboblog.fatal-fury.de\/?p=2995\">30.04.2017 Modellbahn Ver\u00e4nderungen<\/a><br \/>\n<a href=\"http:\/\/roboblog.fatal-fury.de\/?p=2957\">01.04.2017 Silberlinge und Lichtschranken<\/a><br \/>\n<a href=\"http:\/\/roboblog.fatal-fury.de\/?p=2930\">23.03.2017 Gleiswendel - Theoretische Gedanken II<\/a><br \/>\n<a href=\"http:\/\/roboblog.fatal-fury.de\/?p=2890\">19.03.2017 Gleiswendel - Theoretische Gedanken<\/a><br \/>\n<a href=\"http:\/\/roboblog.fatal-fury.de\/?p=2790\">05.03.2017 Lichtschranken Verkabelung<\/a><br \/>\n<a href=\"http:\/\/roboblog.fatal-fury.de\/?p=2763\">03.03.2017 Lichtschranken Fortschritte<\/a><br \/>\n<a href=\"http:\/\/roboblog.fatal-fury.de\/?p=2703\">12.02.2017 R\u00fcckschl\u00e4ge - Bahnhof in N\u00f6ten<\/a><br \/>\n<a href=\"http:\/\/roboblog.fatal-fury.de\/?p=2696\">12.02.2017 Lichtschranke - erste Experimente<\/a><br \/>\n<a href=\"http:\/\/roboblog.fatal-fury.de\/?p=2671\">23.01.2017 Mehr Gedanken zur Automatik<\/a><br \/>\n<a href=\"http:\/\/roboblog.fatal-fury.de\/?p=2664\">21.01.2017 Idee: Halbautomatik<\/a><br \/>\n<a href=\"http:\/\/roboblog.fatal-fury.de\/?p=2646\">17.01.2017 Alle Aktoren per Hand steuerbar<\/a><br \/>\n<a href=\"http:\/\/roboblog.fatal-fury.de\/?p=2614\">25.12.2016 Weihnachtseisenbahn<\/a><br \/>\n<a href=\"http:\/\/roboblog.fatal-fury.de\/?p=2580\">26.09.2016 Bilder der 2qm Anlage<\/a><br \/>\n<a href=\"http:\/\/roboblog.fatal-fury.de\/?p=2544\">28.08.2016 Snapshots der 2qm Anlage<\/a><br \/>\n<a href=\"http:\/\/roboblog.fatal-fury.de\/?p=2535\">28.08.2016 Stellpult Fortschritt<\/a><br \/>\n<a href=\"http:\/\/roboblog.fatal-fury.de\/?p=2354\">18.05.2015 2qm2015 Gleisplan<\/a><br \/>\n<a href=\"http:\/\/roboblog.fatal-fury.de\/?p=2339\">05.05.2015 Relais Flipflop<\/a><br \/>\n<a href=\"http:\/\/roboblog.fatal-fury.de\/?p=2335\">05.05.2015 2qm 2015 Gleisbildstellwerk 2<\/a><br \/>\n<a href=\"http:\/\/roboblog.fatal-fury.de\/?p=2230\">17.03.2015 2qm 2015 Gleisbildstellwerk<\/a><br \/>\n<a href=\"http:\/\/roboblog.fatal-fury.de\/?p=2008\">16.11.2014 2qm 2014 Teil 1<\/a><\/p>\n","protected":false},"excerpt":{"rendered":"<p>30.04.2017 Modellbahn Ver\u00e4nderungen 01.04.2017 Silberlinge und Lichtschranken 23.03.2017 Gleiswendel - Theoretische Gedanken II 19.03.2017 Gleiswendel - Theoretische Gedanken 05.03.2017 Lichtschranken Verkabelung 03.03.2017 Lichtschranken Fortschritte 12.02.2017 R\u00fcckschl\u00e4ge - Bahnhof in N\u00f6ten 12.02.2017 Lichtschranke - erste Experimente 23.01.2017 Mehr Gedanken zur Automatik 21.01.2017 Idee: Halbautomatik 17.01.2017 Alle Aktoren per Hand steuerbar 25.12.2016 Weihnachtseisenbahn 26.09.2016 Bilder der 2qm [&hellip;]<\/p>\n","protected":false},"author":2,"featured_media":0,"parent":2678,"menu_order":0,"comment_status":"closed","ping_status":"closed","template":"","meta":{"footnotes":""},"class_list":["post-3722","page","type-page","status-publish","hentry"],"_links":{"self":[{"href":"http:\/\/roboblog.fatal-fury.de\/index.php?rest_route=\/wp\/v2\/pages\/3722","targetHints":{"allow":["GET"]}}],"collection":[{"href":"http:\/\/roboblog.fatal-fury.de\/index.php?rest_route=\/wp\/v2\/pages"}],"about":[{"href":"http:\/\/roboblog.fatal-fury.de\/index.php?rest_route=\/wp\/v2\/types\/page"}],"author":[{"embeddable":true,"href":"http:\/\/roboblog.fatal-fury.de\/index.php?rest_route=\/wp\/v2\/users\/2"}],"replies":[{"embeddable":true,"href":"http:\/\/roboblog.fatal-fury.de\/index.php?rest_route=%2Fwp%2Fv2%2Fcomments&post=3722"}],"version-history":[{"count":3,"href":"http:\/\/roboblog.fatal-fury.de\/index.php?rest_route=\/wp\/v2\/pages\/3722\/revisions"}],"predecessor-version":[{"id":3727,"href":"http:\/\/roboblog.fatal-fury.de\/index.php?rest_route=\/wp\/v2\/pages\/3722\/revisions\/3727"}],"up":[{"embeddable":true,"href":"http:\/\/roboblog.fatal-fury.de\/index.php?rest_route=\/wp\/v2\/pages\/2678"}],"wp:attachment":[{"href":"http:\/\/roboblog.fatal-fury.de\/index.php?rest_route=%2Fwp%2Fv2%2Fmedia&parent=3722"}],"curies":[{"name":"wp","href":"https:\/\/api.w.org\/{rel}","templated":true}]}}