{"id":2620,"date":"2017-01-04T18:52:28","date_gmt":"2017-01-04T17:52:28","guid":{"rendered":"http:\/\/roboblog.fatal-fury.de\/?page_id=2620"},"modified":"2017-01-17T08:29:05","modified_gmt":"2017-01-17T07:29:05","slug":"cs_kanal_2017","status":"publish","type":"page","link":"http:\/\/roboblog.fatal-fury.de\/?page_id=2620","title":{"rendered":"cs_kanal_2017"},"content":{"rendered":"<p>cs_kanal_2017<br \/>\nRette die Geislen durch die Kanalisation.<\/p>\n<p>Download:<br \/>\n<a href=\"http:\/\/roboblog.fatal-fury.de\/wp-content\/uploads\/2017\/01\/cs_kanal_2017.zip\"rel=\"\">cs_kanal_2017.zip<\/a> 03.01.2017<\/p>\n<p>16.01.2017<br \/>\nDie Strassenkurve neu gebaut. Dabai darauf geachtet, die r_speeds und leafs gering zu halten. Die Kurve und schiefe Dreiecke als func_wall gemacht. Texturen gr\u00f6\u00dfer gescalt. Das hat sogar den \"WARNING: Leaf portals saw into leafaverage leafs visible\" entfernt.<br \/>\n<code><br \/>\nVon<br \/>\n286 portalleafs<br \/>\n893 numportals<br \/>\nWARNING: Leaf portals saw into leafaverage leafs visible: 121<br \/>\nvisdatasize:9552  compressed from 10296<\/p>\n<p>zu<br \/>\n94 portalleafs<br \/>\n257 numportals<br \/>\naverage leafs visible: 47<br \/>\nvisdatasize:1160  compressed from 1128<br \/>\n<\/code><br \/>\nDie Compilezeit reduziert sich nat\u00fcrlich auch. Visdata um ca. Faktor 9 reduziert. Kann nur positives berichten ;)<\/p>\n<p><a href=\"http:\/\/roboblog.fatal-fury.de\/wp-content\/uploads\/2017\/01\/20170116224314_1.jpg\" rel=\"attachment wp-att-2642\"><img loading=\"lazy\" decoding=\"async\" src=\"http:\/\/roboblog.fatal-fury.de\/wp-content\/uploads\/2017\/01\/20170116224314_1-300x169.jpg\" alt=\"20170116224314_1\" width=\"300\" height=\"169\" class=\"alignnone size-medium wp-image-2642\" srcset=\"http:\/\/roboblog.fatal-fury.de\/wp-content\/uploads\/2017\/01\/20170116224314_1-300x169.jpg 300w, http:\/\/roboblog.fatal-fury.de\/wp-content\/uploads\/2017\/01\/20170116224314_1-768x432.jpg 768w, http:\/\/roboblog.fatal-fury.de\/wp-content\/uploads\/2017\/01\/20170116224314_1.jpg 1024w\" sizes=\"auto, (max-width: 300px) 100vw, 300px\" \/><\/a><\/p>\n<p><a href=\"http:\/\/roboblog.fatal-fury.de\/wp-content\/uploads\/2017\/01\/20170116223929_1.jpg\" rel=\"attachment wp-att-2643\"><img loading=\"lazy\" decoding=\"async\" src=\"http:\/\/roboblog.fatal-fury.de\/wp-content\/uploads\/2017\/01\/20170116223929_1-300x169.jpg\" alt=\"20170116223929_1\" width=\"300\" height=\"169\" class=\"alignnone size-medium wp-image-2643\" srcset=\"http:\/\/roboblog.fatal-fury.de\/wp-content\/uploads\/2017\/01\/20170116223929_1-300x169.jpg 300w, http:\/\/roboblog.fatal-fury.de\/wp-content\/uploads\/2017\/01\/20170116223929_1-768x432.jpg 768w, http:\/\/roboblog.fatal-fury.de\/wp-content\/uploads\/2017\/01\/20170116223929_1.jpg 1024w\" sizes=\"auto, (max-width: 300px) 100vw, 300px\" \/><\/a><\/p>\n<p><a href=\"http:\/\/roboblog.fatal-fury.de\/wp-content\/uploads\/2017\/01\/20170116224308_1.jpg\" rel=\"attachment wp-att-2644\"><img loading=\"lazy\" decoding=\"async\" src=\"http:\/\/roboblog.fatal-fury.de\/wp-content\/uploads\/2017\/01\/20170116224308_1-300x169.jpg\" alt=\"20170116224308_1\" width=\"300\" height=\"169\" class=\"alignnone size-medium wp-image-2644\" srcset=\"http:\/\/roboblog.fatal-fury.de\/wp-content\/uploads\/2017\/01\/20170116224308_1-300x169.jpg 300w, http:\/\/roboblog.fatal-fury.de\/wp-content\/uploads\/2017\/01\/20170116224308_1-768x432.jpg 768w, http:\/\/roboblog.fatal-fury.de\/wp-content\/uploads\/2017\/01\/20170116224308_1.jpg 1024w\" sizes=\"auto, (max-width: 300px) 100vw, 300px\" \/><\/a><\/p>\n<p>13.01.2017<br \/>\nWeitere zwei Einstiegssch\u00e4chte.<br \/>\nEin Gulli indem das Wasser versenkt. Und die Strasse mit ansteigender Kurve.<\/p>\n<p><a href=\"http:\/\/roboblog.fatal-fury.de\/wp-content\/uploads\/2017\/01\/20170113215947_1.jpg\" rel=\"attachment wp-att-2636\"><img loading=\"lazy\" decoding=\"async\" src=\"http:\/\/roboblog.fatal-fury.de\/wp-content\/uploads\/2017\/01\/20170113215947_1-300x225.jpg\" alt=\"20170113215947_1\" width=\"300\" height=\"225\" class=\"alignnone size-medium wp-image-2636\" srcset=\"http:\/\/roboblog.fatal-fury.de\/wp-content\/uploads\/2017\/01\/20170113215947_1-300x225.jpg 300w, http:\/\/roboblog.fatal-fury.de\/wp-content\/uploads\/2017\/01\/20170113215947_1-768x576.jpg 768w, http:\/\/roboblog.fatal-fury.de\/wp-content\/uploads\/2017\/01\/20170113215947_1.jpg 1024w\" sizes=\"auto, (max-width: 300px) 100vw, 300px\" \/><\/a><\/p>\n<p><a href=\"http:\/\/roboblog.fatal-fury.de\/wp-content\/uploads\/2017\/01\/20170113220021_1.jpg\" rel=\"attachment wp-att-2637\"><img loading=\"lazy\" decoding=\"async\" src=\"http:\/\/roboblog.fatal-fury.de\/wp-content\/uploads\/2017\/01\/20170113220021_1-300x225.jpg\" alt=\"20170113220021_1\" width=\"300\" height=\"225\" class=\"alignnone size-medium wp-image-2637\" srcset=\"http:\/\/roboblog.fatal-fury.de\/wp-content\/uploads\/2017\/01\/20170113220021_1-300x225.jpg 300w, http:\/\/roboblog.fatal-fury.de\/wp-content\/uploads\/2017\/01\/20170113220021_1-768x576.jpg 768w, http:\/\/roboblog.fatal-fury.de\/wp-content\/uploads\/2017\/01\/20170113220021_1.jpg 1024w\" sizes=\"auto, (max-width: 300px) 100vw, 300px\" \/><\/a><\/p>\n<p>08.01.2017<br \/>\nEinen Schacht bei dem man den Schachtdeckel zur Seite schieben kann. Unten ist aber nur eine Rinne wo das Wasser entlang l\u00e4uft. Man kommt nicht weiter.<\/p>\n<p>06.01.2017<br \/>\nWir haben nun Regen. Dazu braucht man env_rain welches es aber nur in einer speziellen CS FDG gibt. Diese ist mitlerweile schwer zu finden und die meisten Custom Mapper Seiten gibt es auch nicht mehr. Doch ich hatte Gl\u00fcck.<br \/>\n<a href=\"http:\/\/www.slackiller.com\/tommy14\/CSfgd.htm\">http:\/\/www.slackiller.com\/tommy14\/CSfgd.htm<\/a><br \/>\nUnd hier nochmal extra der Download:<br \/>\n<a href=\"http:\/\/roboblog.fatal-fury.de\/wp-content\/uploads\/2017\/01\/cs-fgd-xp_8u.zip\"rel=\"\">cs-fgd-xp_8u.zip<\/a><\/p>\n<p>03.01.2017<br \/>\nDer CS Startpunkt nimmt Form an. Eine weite Strasse bei Nacht, nur sp\u00e4hrlich beleuchtet. Der Zugang erfolg \u00fcber mehrere Sch\u00e4chte auf der Strasse. Der Schachtdeckel soll realit\u00e4tsgetreu sein. Unten im Kanal erwartet die CS's eine dunkle enge R\u00f6hre. Dort lauert die Gefahr.<br \/>\nEs fehlt noch der Regen, die Polizeiabsperrung, Pf\u00fctzen, B\u00e4ume\/B\u00fcsche und ein gurgelndes Ger\u00e4usch wie das Wasser in den Gulli l\u00e4uft.<\/p>\n<p><a href=\"http:\/\/roboblog.fatal-fury.de\/wp-content\/uploads\/2017\/01\/03012017_1.jpg\" rel=\"attachment wp-att-2621\"><img loading=\"lazy\" decoding=\"async\" src=\"http:\/\/roboblog.fatal-fury.de\/wp-content\/uploads\/2017\/01\/03012017_1-300x169.jpg\" alt=\"03012017_1\" width=\"300\" height=\"169\" class=\"alignnone size-medium wp-image-2621\" srcset=\"http:\/\/roboblog.fatal-fury.de\/wp-content\/uploads\/2017\/01\/03012017_1-300x169.jpg 300w, http:\/\/roboblog.fatal-fury.de\/wp-content\/uploads\/2017\/01\/03012017_1-768x432.jpg 768w, http:\/\/roboblog.fatal-fury.de\/wp-content\/uploads\/2017\/01\/03012017_1.jpg 1000w\" sizes=\"auto, (max-width: 300px) 100vw, 300px\" \/><\/a><\/p>\n<p><a href=\"http:\/\/roboblog.fatal-fury.de\/wp-content\/uploads\/2017\/01\/03012017_2.jpg\" rel=\"attachment wp-att-2622\"><img loading=\"lazy\" decoding=\"async\" src=\"http:\/\/roboblog.fatal-fury.de\/wp-content\/uploads\/2017\/01\/03012017_2-300x169.jpg\" alt=\"03012017_2\" width=\"300\" height=\"169\" class=\"alignnone size-medium wp-image-2622\" srcset=\"http:\/\/roboblog.fatal-fury.de\/wp-content\/uploads\/2017\/01\/03012017_2-300x169.jpg 300w, http:\/\/roboblog.fatal-fury.de\/wp-content\/uploads\/2017\/01\/03012017_2-768x432.jpg 768w, http:\/\/roboblog.fatal-fury.de\/wp-content\/uploads\/2017\/01\/03012017_2.jpg 1000w\" sizes=\"auto, (max-width: 300px) 100vw, 300px\" \/><\/a><\/p>\n<p><a href=\"http:\/\/roboblog.fatal-fury.de\/wp-content\/uploads\/2017\/01\/03012017_3.jpg\" rel=\"attachment wp-att-2623\"><img loading=\"lazy\" decoding=\"async\" src=\"http:\/\/roboblog.fatal-fury.de\/wp-content\/uploads\/2017\/01\/03012017_3-300x169.jpg\" alt=\"03012017_3\" width=\"300\" height=\"169\" class=\"alignnone size-medium wp-image-2623\" srcset=\"http:\/\/roboblog.fatal-fury.de\/wp-content\/uploads\/2017\/01\/03012017_3-300x169.jpg 300w, http:\/\/roboblog.fatal-fury.de\/wp-content\/uploads\/2017\/01\/03012017_3-768x432.jpg 768w, http:\/\/roboblog.fatal-fury.de\/wp-content\/uploads\/2017\/01\/03012017_3.jpg 1000w\" sizes=\"auto, (max-width: 300px) 100vw, 300px\" \/><\/a><\/p>\n","protected":false},"excerpt":{"rendered":"<p>cs_kanal_2017 Rette die Geislen durch die Kanalisation. Download: cs_kanal_2017.zip 03.01.2017 16.01.2017 Die Strassenkurve neu gebaut. Dabai darauf geachtet, die r_speeds und leafs gering zu halten. Die Kurve und schiefe Dreiecke als func_wall gemacht. Texturen gr\u00f6\u00dfer gescalt. Das hat sogar den \"WARNING: Leaf portals saw into leafaverage leafs visible\" entfernt. Von 286 portalleafs 893 numportals WARNING: [&hellip;]<\/p>\n","protected":false},"author":2,"featured_media":0,"parent":0,"menu_order":0,"comment_status":"closed","ping_status":"closed","template":"","meta":{"footnotes":""},"class_list":["post-2620","page","type-page","status-publish","hentry"],"_links":{"self":[{"href":"http:\/\/roboblog.fatal-fury.de\/index.php?rest_route=\/wp\/v2\/pages\/2620","targetHints":{"allow":["GET"]}}],"collection":[{"href":"http:\/\/roboblog.fatal-fury.de\/index.php?rest_route=\/wp\/v2\/pages"}],"about":[{"href":"http:\/\/roboblog.fatal-fury.de\/index.php?rest_route=\/wp\/v2\/types\/page"}],"author":[{"embeddable":true,"href":"http:\/\/roboblog.fatal-fury.de\/index.php?rest_route=\/wp\/v2\/users\/2"}],"replies":[{"embeddable":true,"href":"http:\/\/roboblog.fatal-fury.de\/index.php?rest_route=%2Fwp%2Fv2%2Fcomments&post=2620"}],"version-history":[{"count":9,"href":"http:\/\/roboblog.fatal-fury.de\/index.php?rest_route=\/wp\/v2\/pages\/2620\/revisions"}],"predecessor-version":[{"id":2645,"href":"http:\/\/roboblog.fatal-fury.de\/index.php?rest_route=\/wp\/v2\/pages\/2620\/revisions\/2645"}],"wp:attachment":[{"href":"http:\/\/roboblog.fatal-fury.de\/index.php?rest_route=%2Fwp%2Fv2%2Fmedia&parent=2620"}],"curies":[{"name":"wp","href":"https:\/\/api.w.org\/{rel}","templated":true}]}}